{"id":117,"date":"2013-04-24T11:14:24","date_gmt":"2013-04-24T09:14:24","guid":{"rendered":"http:\/\/pd-pljusak.hr\/?page_id=117"},"modified":"2013-04-24T11:14:24","modified_gmt":"2013-04-24T09:14:24","slug":"planibarska-etika","status":"publish","type":"page","link":"https:\/\/pd-pljusak.hr\/?page_id=117","title":{"rendered":"Planinarska etika"},"content":{"rendered":"<p>Planinarska etika &#8211; skup na\u010dela pona\u0161anja posjetitelja planina<\/p>\n<p>\u010duvanje planinskog okoli\u0161a:<\/p>\n<ul>\n<li><span style=\"line-height: 18px\">\u00a0 \u00a0 \u00a0 po\u0161tujte za\u0161titna ograni\u010denja<\/span><\/li>\n<li><span style=\"line-height: 18px\">\u00a0 \u00a0 \u00a0 ne \u010dupajte i ne uni\u0161tavajte biljke<\/span><\/li>\n<li><span style=\"line-height: 18px\">\u00a0 \u00a0 \u00a0 ne uznemiravajte \u017eivotinje<\/span><\/li>\n<li><span style=\"line-height: 18px\">\u00a0 \u00a0 \u00a0 svoje sme\u0107e ponesite sa sobom<\/span><\/li>\n<li><span style=\"line-height: 18px\">\u00a0 \u00a0 \u00a0 ne lo\u017eite vatru<\/span><\/li>\n<li><span style=\"line-height: 18px\">\u00a0 \u00a0 \u00a0 \u010duvajte \u010disto\u0107u planinskih vodotoka<\/span><\/li>\n<li><span style=\"line-height: 18px\">\u00a0 \u00a0 \u00a0 ne dirajte \u0161piljske ukrase<\/span><\/li>\n<li><span style=\"line-height: 18px\">\u00a0 \u00a0 \u00a0 vozilo parkirajte na predvi\u0111enom mjestu<\/span><\/li>\n<li><span style=\"line-height: 18px\">\u00a0 \u00a0 \u00a0 uklju\u010dujte se u ekolo\u0161ke akcije<\/span><\/li>\n<\/ul>\n<p>pona\u0161anje pri boravku u planini:<\/p>\n<ul>\n<li><span style=\"line-height: 18px\">\u00a0 \u00a0 \u00a0 ne \u017eurite<\/span><\/li>\n<li><span style=\"line-height: 18px\">\u00a0 \u00a0 \u00a0 ne\u00a0 ostavljajte\u00a0 samog niti jednog \u010dlana skupine<\/span><\/li>\n<li><span style=\"line-height: 18px\">\u00a0 \u00a0 \u00a0 ne idite sami u planinu<\/span><\/li>\n<li><span style=\"line-height: 18px\">\u00a0 \u00a0 \u00a0 prednost \u2013 slabijima, starijima<\/span><\/li>\n<li><span style=\"line-height: 18px\">\u00a0 \u00a0 \u00a0 ne\u00a0 o\u0161te\u0107ujte puteve, ku\u0107e, oznake, putokaze&#8230;<\/span><\/li>\n<li><span style=\"line-height: 18px\">\u00a0 \u00a0 \u00a0 po\u0161tujte planinski mir i ti\u0161inu<\/span><\/li>\n<li><span style=\"line-height: 18px\">\u00a0 \u00a0 \u00a0 pozdravljanje<\/span><\/li>\n<li><span style=\"line-height: 18px\">\u00a0 \u00a0 \u00a0 budite\u00a0 pristojni s gor\u0161tacima i mje\u0161tanima<\/span><\/li>\n<li><span style=\"line-height: 18px\">\u00a0 \u00a0 \u00a0 po\u0161tujte\u00a0 upute\u00a0 vodi\u010da<\/span><\/li>\n<li><span style=\"line-height: 18px\">\u00a0 \u00a0 \u00a0 ne pravite se va\u017eni<\/span><\/li>\n<li><span style=\"line-height: 18px\">\u00a0 \u00a0 \u00a0 ponudite i pru\u017eite pomo\u0107<\/span><\/li>\n<li><span style=\"line-height: 18px\">\u00a0 \u00a0 \u00a0 pridr\u017eavajte se lokalnih propisa<\/span><\/li>\n<\/ul>\n<p>ku\u0107ni red u planinarskim ku\u0107ama:<\/p>\n<ul>\n<li><span style=\"line-height: 18px\">\u00a0 \u00a0 \u00a0 predstavite se doma\u0107inu<\/span><\/li>\n<li><span style=\"line-height: 18px\">\u00a0 \u00a0 \u00a0 budite skromni i obazrivi<\/span><\/li>\n<li><span style=\"line-height: 18px\">\u00a0 \u00a0 \u00a0 odr\u017eavajte \u010disto\u0107u spavaonica<\/span><\/li>\n<li><span style=\"line-height: 18px\">\u00a0 \u00a0 \u00a0 \u0161tedite vodu<\/span><\/li>\n<li><span style=\"line-height: 18px\">\u00a0 \u00a0 \u00a0 pru\u017eite potporu doma\u0107inima ku\u0107e<\/span><\/li>\n<li><span style=\"line-height: 18px\">\u00a0 \u00a0 \u00a0 oslobodite prostor ako je gu\u017eva u ku\u0107i<\/span><\/li>\n<\/ul>\n<p>&nbsp;<\/p>\n","protected":false},"excerpt":{"rendered":"<p>Planinarska etika &#8211; skup na\u010dela pona\u0161anja posjetitelja planina \u010duvanje planinskog okoli\u0161a: \u00a0 \u00a0 \u00a0 po\u0161tujte za\u0161titna ograni\u010denja \u00a0 \u00a0 \u00a0 ne \u010dupajte i ne uni\u0161tavajte biljke \u00a0 \u00a0 \u00a0 ne uznemiravajte \u017eivotinje \u00a0 \u00a0 \u00a0 svoje sme\u0107e ponesite sa sobom \u00a0 \u00a0 \u00a0 ne lo\u017eite vatru \u00a0 \u00a0 \u00a0 \u010duvajte \u010disto\u0107u planinskih vodotoka \u00a0 \u00a0 [&hellip;]<\/p>\n","protected":false},"author":146,"featured_media":0,"parent":0,"menu_order":0,"comment_status":"open","ping_status":"closed","template":"","meta":{"footnotes":""},"class_list":["post-117","page","type-page","status-publish","hentry"],"_links":{"self":[{"href":"https:\/\/pd-pljusak.hr\/index.php?rest_route=\/wp\/v2\/pages\/117","targetHints":{"allow":["GET"]}}],"collection":[{"href":"https:\/\/pd-pljusak.hr\/index.php?rest_route=\/wp\/v2\/pages"}],"about":[{"href":"https:\/\/pd-pljusak.hr\/index.php?rest_route=\/wp\/v2\/types\/page"}],"author":[{"embeddable":true,"href":"https:\/\/pd-pljusak.hr\/index.php?rest_route=\/wp\/v2\/users\/146"}],"replies":[{"embeddable":true,"href":"https:\/\/pd-pljusak.hr\/index.php?rest_route=%2Fwp%2Fv2%2Fcomments&post=117"}],"version-history":[{"count":0,"href":"https:\/\/pd-pljusak.hr\/index.php?rest_route=\/wp\/v2\/pages\/117\/revisions"}],"wp:attachment":[{"href":"https:\/\/pd-pljusak.hr\/index.php?rest_route=%2Fwp%2Fv2%2Fmedia&parent=117"}],"curies":[{"name":"wp","href":"https:\/\/api.w.org\/{rel}","templated":true}]}}