{"id":116,"date":"2013-04-24T11:15:53","date_gmt":"2013-04-24T09:15:53","guid":{"rendered":"http:\/\/pd-pljusak.hr\/?page_id=116"},"modified":"2023-01-07T23:15:30","modified_gmt":"2023-01-07T21:15:30","slug":"uclanjenje","status":"publish","type":"page","link":"https:\/\/pd-pljusak.hr\/?page_id=116","title":{"rendered":"U\u010dlanjenje"},"content":{"rendered":"<p><span style=\"font-size: 26px;letter-spacing: -0.03em;line-height: normal\">\u010clanarina za 2023.<\/span><\/p>\n<p>Ukoliko \u017eelite postati \u010dlan Pljuska potrebno je do\u0107i u prostorije dru\u0161tva (Kre\u0161imirova 5, svaki petak od 17h do 19h), \u00a0ispuniti pristupnicu i uplatiti godi\u0161nju \u010dlanarinu:<\/p>\n<ul>\n<li>djeca i mlade\u017e do zavr\u0161etka \u0161kolovanja, umirovljenici &#8211; 7,00 \u20ac ( zelene i crvene \u010dlanske markice)<\/li>\n<li>ostali \u010dlanovi &#8211; 10,00 \u20ac (plave \u010dlanske markice)<\/li>\n<li>izrada iskaznice &#8211; 2,00 \u20ac<\/li>\n<\/ul>\n<h2><span style=\"letter-spacing: -0.03em\">\u010clanska prava<\/span><\/h2>\n<p>\u010clan planinarske udruge ima pravo:<\/p>\n<ul>\n<li>sudjelovati u radu planinarske udruge<\/li>\n<li>koristiti popust od 50% na cijenu no\u0107enja u planinarskim domovima, ku\u0107ama i skloni\u0161tima u Hrvatskoj;<\/li>\n<li>temeljem Ugovora o reciprocitetu izme\u0111u HPS-a i Planinske zveze Slovenije koristiti popust na cijenu no\u0107enja u planinarskim domovima, ku\u0107ama i skloni\u0161tima u Sloveniji kao i \u010dlanovi PZS-a;<\/li>\n<li>koristiti popuste i povlastice utvr\u0111ene odlukama UIAA i sporazumima nacionalnih planinarskih saveza s HPS-om;<\/li>\n<li>koristiti \u010dlansko osiguranje u slu\u010daju nesre\u0107e na planinarskom izletu u Hrvatskoj,<\/li>\n<li>posredstvom skup\u0161tine u svojoj planinarskoj udruzi odlu\u010divati o izboru du\u017enosnika i tijela svoje osnovne planinarske udruge te koristiti njezine \u010dlanske povlastice,<\/li>\n<li>ostvarivati ostale \u010dlanske povlastice.<\/li>\n<\/ul>\n<p><span style=\"font-size: 26px;letter-spacing: -0.03em;line-height: normal\">\u010clanske du\u017enosti<\/span><\/p>\n<p>\u010clan planinarske udruge du\u017ean je:<\/p>\n<ul>\n<li>pona\u0161ati se u skladu s na\u010delima planinarske etike i \u010duvati \u010dast i ugled planinarske udruge;<\/li>\n<li>podmirivati \u010dlanarinu u svojoj osnovnoj planinarskoj udruzi;<\/li>\n<li>predo\u010diti \u010dlansku iskaznicu na zahtjev du\u017enosnika svoje osnovne planinarske udruge i opskrbnika planinarskih ku\u0107a;<\/li>\n<li>izvr\u0161avati du\u017enosti i obveze koje utvrde tijela njegove osnovne planinarske udruge;<\/li>\n<li>po\u0161tivati i izvr\u0161avati odluke tijela HPS-a.<\/li>\n<\/ul>\n<h2>Osiguranje \u010dlanova<\/h2>\n<p>\u010clanovi planinarskih udruga udru\u017eenih u HPS osigurani su posredstvom HPS-a za slu\u010daj nesre\u0107e na planinarskim izletima u Hrvatskoj ili inozemstvu za slu\u010dajeve invaliditeta (do 40.000 kn) i smrti (20.000 kn). Naknada se ostvaruje dostavom ispunjenog obrasca za prijavu nesretnog slu\u010daja s prilo\u017eenim preslikama lije\u010dni\u010dke dokumentacije i \u010dlanske iskaznice HPS-a u Ured HPS-a. Nakon ovjere dokumentacije u Uredu HPS-a sve daljnje kontakte izravno obavljaju o\u0161te\u0107eni i osiguravatelj.<\/p>\n<p>&nbsp;<\/p>\n<h3><span style=\"font-size: 26px;letter-spacing: -0.03em;line-height: normal\">Za sve dodatne informacije o u\u010dlanjenju slobodno nas kontaktirajte na:<\/span><\/h3>\n<h3>E-mail:\u00a0<a href=\"mailto:info@pd-pljusak.hr\">info@pd-pljusak.hr\u00a0<\/a><\/h3>\n<h3>Tel.:\u00a0091 765 52 00 (Neven Bla\u017eevi\u0107 &#8211; tajnik)<\/h3>\n<p>&nbsp;<\/p>\n","protected":false},"excerpt":{"rendered":"<p>\u010clanarina za 2023. Ukoliko \u017eelite postati \u010dlan Pljuska potrebno je do\u0107i u prostorije dru\u0161tva (Kre\u0161imirova 5, svaki petak od 17h do 19h), \u00a0ispuniti pristupnicu i uplatiti godi\u0161nju \u010dlanarinu: djeca i mlade\u017e do zavr\u0161etka \u0161kolovanja, umirovljenici &#8211; 7,00 \u20ac ( zelene i crvene \u010dlanske markice) ostali \u010dlanovi &#8211; 10,00 \u20ac (plave \u010dlanske markice) izrada iskaznice &#8211; [&hellip;]<\/p>\n","protected":false},"author":146,"featured_media":0,"parent":0,"menu_order":0,"comment_status":"closed","ping_status":"closed","template":"","meta":{"footnotes":""},"class_list":["post-116","page","type-page","status-publish","hentry"],"_links":{"self":[{"href":"https:\/\/pd-pljusak.hr\/index.php?rest_route=\/wp\/v2\/pages\/116","targetHints":{"allow":["GET"]}}],"collection":[{"href":"https:\/\/pd-pljusak.hr\/index.php?rest_route=\/wp\/v2\/pages"}],"about":[{"href":"https:\/\/pd-pljusak.hr\/index.php?rest_route=\/wp\/v2\/types\/page"}],"author":[{"embeddable":true,"href":"https:\/\/pd-pljusak.hr\/index.php?rest_route=\/wp\/v2\/users\/146"}],"replies":[{"embeddable":true,"href":"https:\/\/pd-pljusak.hr\/index.php?rest_route=%2Fwp%2Fv2%2Fcomments&post=116"}],"version-history":[{"count":2,"href":"https:\/\/pd-pljusak.hr\/index.php?rest_route=\/wp\/v2\/pages\/116\/revisions"}],"predecessor-version":[{"id":1496,"href":"https:\/\/pd-pljusak.hr\/index.php?rest_route=\/wp\/v2\/pages\/116\/revisions\/1496"}],"wp:attachment":[{"href":"https:\/\/pd-pljusak.hr\/index.php?rest_route=%2Fwp%2Fv2%2Fmedia&parent=116"}],"curies":[{"name":"wp","href":"https:\/\/api.w.org\/{rel}","templated":true}]}}